{"id":226,"date":"2012-10-06T02:49:07","date_gmt":"2012-10-06T00:49:07","guid":{"rendered":"http:\/\/www.simonbielander.ch\/wordpress\/?page_id=226"},"modified":"2024-04-25T15:05:35","modified_gmt":"2024-04-25T13:05:35","slug":"about","status":"publish","type":"page","link":"https:\/\/www.simonbielander.ch\/home\/about\/","title":{"rendered":"ABOUT"},"content":{"rendered":"<div class=\"bm-builder clearfix \"><div id=\"\" class=\"module col-6 module-id-1649711308925\" data-module-col=\"6\"><div class=\"module-inside single-image-inside\" style=\"--top-mod: 40px;--bottom-mod: 0px;--top-mod-m:40px;--bottom-mod-m:0px;\" ><div class=\"single-image-out  \" ><figure class=\"single-image   single-image-full  \" ><div class=\"ux-hover-wrap anima-wrap\" style=\"padding-top: 56.25%;\"><span class=\"ux-hover-wrap-a\"><img loading=\"lazy\" decoding=\"async\" alt=\"Simon Bielander\" class=\"single-image-img img1st lazy \" src=\"data:image\/gif;base64,R0lGODlhAQABAIAAAAAAAP\/\/\/yH5BAEAAAAALAAAAAABAAEAAAIBRAA7\" data-src=\"https:\/\/www.simonbielander.ch\/home\/wp-content\/uploads\/2022\/04\/SB_Workshot_Simon-1466_web.jpg\" data-srcset=\"https:\/\/www.simonbielander.ch\/home\/wp-content\/uploads\/2022\/04\/SB_Workshot_Simon-1466_web.jpg 1600w, https:\/\/www.simonbielander.ch\/home\/wp-content\/uploads\/2022\/04\/SB_Workshot_Simon-1466_web-300x169.jpg 300w, https:\/\/www.simonbielander.ch\/home\/wp-content\/uploads\/2022\/04\/SB_Workshot_Simon-1466_web-150x84.jpg 150w, https:\/\/www.simonbielander.ch\/home\/wp-content\/uploads\/2022\/04\/SB_Workshot_Simon-1466_web-768x432.jpg 768w, https:\/\/www.simonbielander.ch\/home\/wp-content\/uploads\/2022\/04\/SB_Workshot_Simon-1466_web-1536x864.jpg 1536w, https:\/\/www.simonbielander.ch\/home\/wp-content\/uploads\/2022\/04\/SB_Workshot_Simon-1466_web-350x197.jpg 350w, https:\/\/www.simonbielander.ch\/home\/wp-content\/uploads\/2022\/04\/SB_Workshot_Simon-1466_web-650x366.jpg 650w, https:\/\/www.simonbielander.ch\/home\/wp-content\/uploads\/2022\/04\/SB_Workshot_Simon-1466_web-1000x563.jpg 1000w, https:\/\/www.simonbielander.ch\/home\/wp-content\/uploads\/2022\/04\/SB_Workshot_Simon-1466_web-200x113.jpg 200w, https:\/\/www.simonbielander.ch\/home\/wp-content\/uploads\/2022\/04\/SB_Workshot_Simon-1466_web-800x450.jpg 800w\" data-sizes=\"(max-width: 480px) 320px,(max-width: 767px) 500px,(max-width: 1600px) 100vw, 1600px\" width=\"1600\" height=\"900\" \/><\/span><\/div><\/figure><\/div><\/div><\/div><div id=\"\" class=\"module col-12 module-id-1649636606939\" data-module-col=\"12\"><div class=\"module-inside text-inside\" style=\"--top-mod: 0px;--bottom-mod: 0px;--top-mod-m:0px;--bottom-mod-m:0px;\" ><div class=\"text_block_out\"  data-effect=\"standard\" style=\"\"><div class=\"text_block ux-mod-nobg\"><div class=\"text_block_inn\"><div id=\"text-1649636606939\" class=\"text_block_centered text_block_centered_enable_width\"  style=\"\"><p>&nbsp;<\/p>\n<p><span style=\"letter-spacing: 0px;\">REPORTAGE &amp; PORTRAIT<\/span><\/p>\n<p>&nbsp;<\/p>\n<p>Hallo, ich bin Simon Bielander und unterst\u00fctze Menschen&nbsp;aus der Privatwirtschaft, dem \u00f6ffentlichen Dienst, dem Gesundheitswesen sowie aus sozialen und kulturellen Unternehmen dabei, ihre Geschichten fotografisch zu kommunizieren.&nbsp;<span style=\"letter-spacing: 0px;\">Im Spannungsfeld zwischen Reportage- und Portraitfotografie setze ich meine langj\u00e4hrige Erfahrung ein f\u00fcr Corporate Communications, PR und Werbung.<\/span><\/p>\n<p>&nbsp;<\/p>\n<p>Ein sicheres Auge f\u00fcr die sch\u00f6nen Seiten so wie eine hohe Sensibilit\u00e4t im Kontakt mit Portraitierten und Kunden wurden zu dem, f\u00fcr was meine Arbeit steht. Am wertvollsten sind die Begegnungen und die Einblicke, welche mir gew\u00e4hrt werden. Mit Hingabe tauche ich ein und bewege mich in den unterschiedlichsten Welten. Darin erschaffe ich einen professionellen Raum, in dem sich die Protagonist:innen wohl f\u00fchlen. Ich lasse mich ein auf mein Gegen\u00fcber, n\u00e4here mich dem perfekten Ausschnitt, setze wo n\u00f6tig das optimale Licht, erfasse den einen, entscheidenden Augenblick. Auf diese Weise entstehen Portraits, Imagebilder oder Kampagnen voller N\u00e4he und Unmittelbarkeit.<\/p>\n<p>&nbsp;<\/p><\/div><\/div><\/div><\/div><\/div><\/div><div id=\"\" class=\"module col-12 module-id-1649625945030\" data-module-col=\"12\"><div class=\"module-inside text-inside\" style=\"--top-mod: 0px;--bottom-mod: 0px;--top-mod-m:0px;--bottom-mod-m:0px;\" ><div class=\"text_block_out\"  data-effect=\"standard\" style=\"\"><div class=\"text_block ux-mod-nobg\"><div class=\"text_block_inn\"><div id=\"text-1649625945030\" class=\"text_block_centered text_block_centered_enable_width\"  style=\"\"><p><span style=\"letter-spacing: 0px;\">So bringe ich gemeinsam mit meiner Kundschaft, mit Agenturen und Graphic Designern fotografisch auf den Punkt, was die Dienstleistung, das Produkt, die Werte eines Unternehmens oder den pers\u00f6nlichen Ausdruck eines Menschen&nbsp;auszeichnen.<\/span><\/p>\n<p>&nbsp;<\/p><\/div><\/div><\/div><\/div><\/div><\/div><div id=\"\" class=\"module col-12 module-id-1649705201080\" data-module-col=\"12\"><div class=\"module-inside masonry-grid-inside\" style=\"--top-mod: 0px;--bottom-mod: 0px;--top-mod-m:0px;--bottom-mod-m:0px;\" ><div class=\"ux-portfolio-full bm-masonry-grid\" data-found=\"2\" data-number=\"20\"><div class=\"grid-stack grid-stack-1649705201080       hidden   mouseover-no-effect\" data-spacing-h=\"30\" data-spacing-v=\"30\" data-spacing-mobile-h=\"30\" data-spacing-mobile-v=\"30\" data-item-style=\"image\" data-number=\"20\" data-unique=\"1649705201080\" ><div class=\"grid-stack-item sea-grid-item \" data-postid=\"4547\" data-gs-x=\"12\" data-gs-y=\"0\" data-gs-width=\"12\" data-gs-height=\"7\"><div class=\"grid-stack-item-content\"><div class=\"grid-item-inside \"  ><div class=\"grid-item-con sea-grid-item-con post--4547\"><a href=\"https:\/\/www.simonbielander.ch\/home\/about\/sb_workshot_atelier-technik-0981-6\/\"  class=\"\"  rel=\"\"><\/a><div class=\"grid-item-con-text\"><\/div><\/div><div class=\"brick-content ux-lazyload-wrap\" style=\" padding-top: 56.25%;\"><img decoding=\"async\" src=\"data:image\/gif;base64,R0lGODlhAQABAIAAAAAAAP\/\/\/yH5BAEAAAAALAAAAAABAAEAAAIBRAA7\" data-xx=\"12\" data-src=\"https:\/\/www.simonbielander.ch\/home\/wp-content\/uploads\/2022\/04\/SB_Workshot_Atelier-Technik-0981-6.jpg\" data-srcset=\"https:\/\/www.simonbielander.ch\/home\/wp-content\/uploads\/2022\/04\/SB_Workshot_Atelier-Technik-0981-6.jpg 1600w, https:\/\/www.simonbielander.ch\/home\/wp-content\/uploads\/2022\/04\/SB_Workshot_Atelier-Technik-0981-6-300x169.jpg 300w, https:\/\/www.simonbielander.ch\/home\/wp-content\/uploads\/2022\/04\/SB_Workshot_Atelier-Technik-0981-6-150x84.jpg 150w, https:\/\/www.simonbielander.ch\/home\/wp-content\/uploads\/2022\/04\/SB_Workshot_Atelier-Technik-0981-6-768x432.jpg 768w, https:\/\/www.simonbielander.ch\/home\/wp-content\/uploads\/2022\/04\/SB_Workshot_Atelier-Technik-0981-6-1536x864.jpg 1536w, https:\/\/www.simonbielander.ch\/home\/wp-content\/uploads\/2022\/04\/SB_Workshot_Atelier-Technik-0981-6-350x197.jpg 350w, https:\/\/www.simonbielander.ch\/home\/wp-content\/uploads\/2022\/04\/SB_Workshot_Atelier-Technik-0981-6-650x366.jpg 650w, https:\/\/www.simonbielander.ch\/home\/wp-content\/uploads\/2022\/04\/SB_Workshot_Atelier-Technik-0981-6-1000x563.jpg 1000w, https:\/\/www.simonbielander.ch\/home\/wp-content\/uploads\/2022\/04\/SB_Workshot_Atelier-Technik-0981-6-200x113.jpg 200w, https:\/\/www.simonbielander.ch\/home\/wp-content\/uploads\/2022\/04\/SB_Workshot_Atelier-Technik-0981-6-800x450.jpg 800w\" data-sizes=\"(max-width: 480px) 320px,(max-width: 767px) 500px,(max-width: 1600px) 100vw, 1600px\" alt=\"SB_Workshot_Atelier-Technik-0981-6\" class=\"grid-item-img ux-background-img-1st lazy\"><\/div><\/div><\/div><\/div><div class=\"grid-stack-item sea-grid-item \" data-postid=\"4560\" data-gs-x=\"0\" data-gs-y=\"0\" data-gs-width=\"12\" data-gs-height=\"7\"><div class=\"grid-stack-item-content\"><div class=\"grid-item-inside \"  ><div class=\"grid-item-con sea-grid-item-con post--4560\"><a href=\"https:\/\/www.simonbielander.ch\/home\/about\/sb_workshot_atelier-technik-1321\/\"  class=\"\"  rel=\"\"><\/a><div class=\"grid-item-con-text\"><\/div><\/div><div class=\"brick-content ux-lazyload-wrap\" style=\" padding-top: 56.25%;\"><img decoding=\"async\" src=\"data:image\/gif;base64,R0lGODlhAQABAIAAAAAAAP\/\/\/yH5BAEAAAAALAAAAAABAAEAAAIBRAA7\" data-xx=\"12\" data-src=\"https:\/\/www.simonbielander.ch\/home\/wp-content\/uploads\/2022\/04\/SB_Workshot_Atelier-Technik-1321.jpg\" data-srcset=\"https:\/\/www.simonbielander.ch\/home\/wp-content\/uploads\/2022\/04\/SB_Workshot_Atelier-Technik-1321.jpg 1600w, https:\/\/www.simonbielander.ch\/home\/wp-content\/uploads\/2022\/04\/SB_Workshot_Atelier-Technik-1321-300x169.jpg 300w, https:\/\/www.simonbielander.ch\/home\/wp-content\/uploads\/2022\/04\/SB_Workshot_Atelier-Technik-1321-150x84.jpg 150w, https:\/\/www.simonbielander.ch\/home\/wp-content\/uploads\/2022\/04\/SB_Workshot_Atelier-Technik-1321-768x432.jpg 768w, https:\/\/www.simonbielander.ch\/home\/wp-content\/uploads\/2022\/04\/SB_Workshot_Atelier-Technik-1321-1536x864.jpg 1536w, https:\/\/www.simonbielander.ch\/home\/wp-content\/uploads\/2022\/04\/SB_Workshot_Atelier-Technik-1321-350x197.jpg 350w, https:\/\/www.simonbielander.ch\/home\/wp-content\/uploads\/2022\/04\/SB_Workshot_Atelier-Technik-1321-650x366.jpg 650w, https:\/\/www.simonbielander.ch\/home\/wp-content\/uploads\/2022\/04\/SB_Workshot_Atelier-Technik-1321-1000x563.jpg 1000w, https:\/\/www.simonbielander.ch\/home\/wp-content\/uploads\/2022\/04\/SB_Workshot_Atelier-Technik-1321-200x113.jpg 200w, https:\/\/www.simonbielander.ch\/home\/wp-content\/uploads\/2022\/04\/SB_Workshot_Atelier-Technik-1321-800x450.jpg 800w\" data-sizes=\"(max-width: 480px) 320px,(max-width: 767px) 500px,(max-width: 1600px) 100vw, 1600px\" alt=\"SB_Workshot_Atelier-Technik-1321\" class=\"grid-item-img ux-background-img-1st lazy\"><\/div><\/div><\/div><\/div><\/div><\/div><\/div><\/div><div id=\"\" class=\"module col-12 module-id-1649705664881\" data-module-col=\"12\"><div class=\"module-inside masonry-grid-inside\" style=\"--top-mod: 0px;--bottom-mod: 0px;--top-mod-m:0px;--bottom-mod-m:0px;\" ><div class=\"ux-portfolio-full bm-masonry-grid\" data-found=\"0\" data-number=\"-1\"><div class=\"grid-stack grid-stack-1649705664881       hidden   \" data-spacing-h=\"0\" data-spacing-v=\"0\" data-spacing-mobile-h=\"0\" data-spacing-mobile-v=\"0\" data-item-style=\"\" data-number=\"-1\" data-unique=\"1649705664881\" ><\/div><\/div><\/div><\/div><div id=\"\" class=\"module col-12 module-id-1649691620110\" data-module-col=\"12\"><div class=\"module-inside text-inside\" style=\"--top-mod: 0px;--bottom-mod: 0px;--top-mod-m:0px;--bottom-mod-m:0px;\" ><div class=\"text_block_out\"  data-effect=\"standard\" style=\"\"><div class=\"text_block ux-mod-nobg\"><div class=\"text_block_inn\"><div id=\"text-1649691620110\" class=\"text_block_centered text_block_centered_enable_width\"  style=\"\"><p>&nbsp;<\/p>\n<p>STILL LIFE<\/p>\n<p>&nbsp;<\/p>\n<p>Mit meinen Wurzeln in der Produkte- und Still Life-Fotografie tauche ich hin und wieder auch ab ins Studio: In Kooperationen mit Designern und in k\u00fcnstlerischen Auftragsarbeiten feile ich mit Liebe zum Detail an Licht und Inszenierung von Schmuck, Designerst\u00fccken und illustrativen Arrangements. Das Technische, Analytische steht im Gegensatz zur Unmittelbarkeit in der Reportage- oder Portraitfotografie und bietet einen erfrischenden Kontrast zu meiner Hauptt\u00e4tigkeit, der direkten Fotoarbeit mit Menschen.&nbsp;<\/p>\n<p>&nbsp;<\/p><\/div><\/div><\/div><\/div><\/div><\/div><div id=\"\" class=\"module col-12 module-id-1649711057346\" data-module-col=\"12\"><div class=\"module-inside divide-inside\" style=\"--top-mod: 0px;--bottom-mod: 0px;--top-mod-m:0px;--bottom-mod-m:0px;\" ><div class=\"sea-divide divide-line ux-mod-nobg\" ><\/div><\/div><\/div><div id=\"\" class=\"module col-12 module-id-1649636065901\" data-module-col=\"12\"><div class=\"module-inside text-inside\" style=\"--top-mod: 0px;--bottom-mod: 0px;--top-mod-m:0px;--bottom-mod-m:0px;\" ><div class=\"text_block_out\"  data-effect=\"standard\" style=\"\"><div class=\"text_block ux-mod-nobg\"><div class=\"text_block_inn\"><div id=\"text-1649636065901\" class=\"text_block_centered text_block_centered_enable_width\"  style=\"\"><p>&nbsp;<\/p>\n<p>DER WEG DORTHIN<\/p>\n<p>&nbsp;<\/p>\n<p>Nach der Ausbildung zum eidg. dipl. Fotografen in der Schweiz folgten mehrj\u00e4hrige Assistenzen bei Fotografen aus allen Genres, inbesondere der Mode-, Portrait- und Architekturfotografie. Im Wandel der analogen zur digitalen Fotografie sog ich alles auf, was das Medium im Studio, on Location, im Labor und in Photoshop zu bieten hat.<\/p>\n<p>&nbsp;<\/p>\n<p>Sechs weitere Jahre arbeitete ich als Werbefotograf im Team eines grossen Studios bei Basel mit Schwerpunkt Produkte-, Stilllife- und Industriefotografie. Bald kamen gelegentliche Dozenturen an der Schule f\u00fcr Gestaltung Bern und in Workshops als Bereicherung hinzu.<\/p>\n<p>&nbsp;<\/p>\n<p>Seit 2011 f\u00fchre ich mein Atelier in Basel und bin als Fotograf f\u00fcr meine Kundschaft \u00fcberall hin unterwegs.&nbsp;<\/p>\n<p>&nbsp;<\/p><\/div><\/div><\/div><\/div><\/div><\/div><div id=\"\" class=\"module col-12 module-id-1649712787777\" data-module-col=\"12\"><div class=\"module-inside divide-inside\" style=\"--top-mod: 0px;--bottom-mod: 0px;--top-mod-m:0px;--bottom-mod-m:0px;\" ><div class=\"sea-divide divide-line ux-mod-nobg\" ><\/div><\/div><\/div><div id=\"\" class=\"module col-12 module-id-1649712806575\" data-module-col=\"12\"><div class=\"module-inside text-inside\" style=\"--top-mod: 0px;--bottom-mod: 0px;--top-mod-m:0px;--bottom-mod-m:0px;\" ><div class=\"text_block_out\"  data-effect=\"standard\" style=\"\"><div class=\"text_block ux-mod-nobg\"><div class=\"text_block_inn\"><div id=\"text-1649712806575\" class=\"text_block_centered text_block_centered_enable_width\"  style=\"\"><p>&nbsp;<\/p>\n<p>Auszug aus der Kundenliste:<\/p>\n<p>&nbsp;<\/p>\n<p><span style=\"color: #adadad;\">ADCOM<\/span><br><span style=\"color: #adadad;\">AROMA BASEL<\/span><br><span style=\"color: #adadad;\">BASELWORLD<\/span><br><span style=\"color: #adadad;\">BASLER IG DIALEKT<\/span><br><span style=\"color: #adadad;\">BMZ DRUCK AG<\/span><br><span style=\"color: #adadad;\">CABA ZENTRUM F\u00dcR ONKOLOGIE<\/span><br><span style=\"color: #adadad;\">CADRIS TREUHAND AG<\/span><br><span style=\"color: #adadad;\">CARTOONMUSEUM BASEL<\/span><\/p>\n<p><span style=\"color: #adadad;\">CATLON<\/span><br><span style=\"color: #adadad;\">CH\u00c4SGSCHICHTEN<\/span><br><span style=\"color: #adadad;\">CONGRESS CENTER BASEL<\/span><br><span style=\"color: #adadad;\">COOP<\/span><br><span style=\"color: #adadad;\">DACHCOM<\/span><br><span style=\"color: #adadad;\">DAVID BIELANDER ARTIST<\/span><br><span style=\"color: #adadad;\">DOMINIQUE GISLER VIOLINIST<\/span><br><span style=\"color: #adadad;\">DREI EHRENGESELLSCHAFTEN KLEINBASEL<\/span><br><span style=\"color: #adadad;\">E.E. ZUNFT ZU SCHUHMACHERN<\/span><br><span style=\"color: #adadad;\">ESB BL<\/span><br><span style=\"color: #adadad;\">FATZERIMBACH ZH<\/span><br><span style=\"color: #adadad;\">FELIX FORRER STEINBILDHAUEREI<\/span><br><span style=\"color: #adadad;\">FINANZDEPARTEMENT BS<\/span><br><span style=\"color: #adadad;\">GESUNDHEITSDEPARTEMENT BS<\/span><br><span style=\"color: #adadad;\">GRAFIKBISTRO<\/span><br><span style=\"color: #adadad;\">GUILLERMO PASTRANA CELLIST<\/span><br><span style=\"color: #adadad;\">HEWOO AG<\/span><br><span style=\"color: #adadad;\">HELEN BRITTON ARTIST<\/span><br><span style=\"color: #adadad;\">IGEHO<\/span><br><span style=\"color: #adadad;\">KATRIN AUGSBURGER PHYSIO\/PILATES<\/span><br><span style=\"color: #adadad;\">KITA LAUFEN<\/span><br><span style=\"color: #adadad;\">KINDERHAUS LUMMERLAND<\/span><br><span style=\"color: #adadad;\">LA SERENISSIMA<\/span><br><span style=\"color: #adadad;\">MARTIN FISCHER BUCHBINDER<\/span><br><span style=\"color: #adadad;\">MATTH\u00c4USPRAXIS<\/span><br><span style=\"color: #adadad;\">MCH GROUP<\/span><br><span style=\"color: #adadad;\">MEIER &amp; PARTNER<\/span><\/p>\n<p><span style=\"color: #adadad;\">MUGGLI UND BISCHLER ARCHITEKTEN<\/span><\/p>\n<p><span style=\"color: #adadad;\">NOVARTIS<\/span><br><span style=\"color: #adadad;\">OSW<\/span><br><span style=\"color: #adadad;\">PHYSIOTHERAPIE IM PAVILLON<\/span><br><span style=\"color: #adadad;\">PREMOTION<\/span><br><span style=\"color: #adadad;\">RAIFFEISENBANK<\/span><br><span style=\"color: #adadad;\">ROCHE<\/span><br><span style=\"color: #adadad;\">SANOFI GENZYME<\/span><br><span style=\"color: #adadad;\">STIFTUNG THEODORA<\/span><br><span style=\"color: #adadad;\">SYMPANY<\/span><br><span style=\"color: #adadad;\">THERME ART<\/span><br><span style=\"color: #adadad;\">TOPPHARM<\/span><br><span style=\"color: #adadad;\">TREYER-ZIHLMANN ADVOKATUR &amp; NOTARIAT<\/span><br><span style=\"color: #adadad;\">TRIKON KONZEPTE<\/span><br><span style=\"color: #adadad;\">TURBINENHAUS<\/span><br><span style=\"color: #adadad;\">UNIVERSIT\u00c4T BASEL<\/span><br><span style=\"color: #adadad;\">VITA ARBOREA BAUMPFLEGE<\/span><br><span style=\"color: #adadad;\">WALDMANN-PETITPIERRE ANW\u00c4LTE &amp; NOTARE<\/span><br><span style=\"color: #adadad;\">ZENTRUM F\u00dcR AFRIKASTUDIEN BASEL<\/span><br><span style=\"color: #adadad;\">ZWEIFEL POMY CHIPS AG<\/span><\/p>\n<p>&nbsp;<\/p><\/div><\/div><\/div><\/div><\/div><\/div><\/div>","protected":false},"excerpt":{"rendered":"<p>&nbsp; REPORTAGE &amp; PORTRAIT &nbsp; Hallo, ich bin Simon Bielander &hellip;<\/p>\n","protected":false},"author":2,"featured_media":0,"parent":0,"menu_order":1,"comment_status":"closed","ping_status":"closed","template":"","meta":{"_monsterinsights_skip_tracking":false,"_monsterinsights_sitenote_active":false,"_monsterinsights_sitenote_note":"","_monsterinsights_sitenote_category":0,"footnotes":""},"class_list":["post-226","page","type-page","status-publish","hentry"],"_links":{"self":[{"href":"https:\/\/www.simonbielander.ch\/home\/wp-json\/wp\/v2\/pages\/226","targetHints":{"allow":["GET"]}}],"collection":[{"href":"https:\/\/www.simonbielander.ch\/home\/wp-json\/wp\/v2\/pages"}],"about":[{"href":"https:\/\/www.simonbielander.ch\/home\/wp-json\/wp\/v2\/types\/page"}],"author":[{"embeddable":true,"href":"https:\/\/www.simonbielander.ch\/home\/wp-json\/wp\/v2\/users\/2"}],"replies":[{"embeddable":true,"href":"https:\/\/www.simonbielander.ch\/home\/wp-json\/wp\/v2\/comments?post=226"}],"version-history":[{"count":748,"href":"https:\/\/www.simonbielander.ch\/home\/wp-json\/wp\/v2\/pages\/226\/revisions"}],"predecessor-version":[{"id":4450,"href":"https:\/\/www.simonbielander.ch\/home\/wp-json\/wp\/v2\/pages\/226\/revisions\/4450"}],"wp:attachment":[{"href":"https:\/\/www.simonbielander.ch\/home\/wp-json\/wp\/v2\/media?parent=226"}],"curies":[{"name":"wp","href":"https:\/\/api.w.org\/{rel}","templated":true}]}}